{"id":93,"date":"2013-08-11T19:06:15","date_gmt":"2013-08-11T19:06:15","guid":{"rendered":"http:\/\/localhost:8888\/test\/?page_id=520"},"modified":"2025-06-18T19:35:25","modified_gmt":"2025-06-18T19:35:25","slug":"about","status":"publish","type":"page","link":"https:\/\/beautyandfitus.com\/es\/elements\/pages\/about\/","title":{"rendered":"Nosotros"},"content":{"rendered":"<div class=\"banner has-hover has-parallax\" id=\"banner-1524863097\">\n          <div class=\"banner-inner fill\">\n        <div class=\"banner-bg fill\" data-parallax=\"-3\" data-parallax-container=\".banner\" data-parallax-background>\n            <img loading=\"lazy\" decoding=\"async\" width=\"1020\" height=\"574\" src=\"https:\/\/beautyandfitus.com\/wp-content\/uploads\/2025\/06\/banner-about-beauty-and-fit-1400x788.jpg\" class=\"bg attachment-large size-large\" alt=\"\" \/>                        <div class=\"overlay\"><\/div>            \n                    <\/div>\n\t\t\n        <div class=\"banner-layers container\">\n            <div class=\"fill banner-link\"><\/div>            \n\n   <div id=\"text-box-1802292320\" class=\"text-box banner-layer x50 md-x50 lg-x50 y80 md-y80 lg-y80 res-text\">\n                                <div class=\"text-box-content text dark\">\n              \n              <div class=\"text-inner text-center\">\n                  \n\n<h1 class=\"lead\">BEAUTY AND FIT\u00a0<\/h1>\n<p class=\"lead\">\u00a0<\/p>\n\n              <\/div>\n           <\/div>\n                            \n<style>\n#text-box-1802292320 {\n  width: 60%;\n}\n#text-box-1802292320 .text-box-content {\n  font-size: 100%;\n}\n<\/style>\n    <\/div>\n \n\n        <\/div>\n      <\/div>\n\n            \n<style>\n#banner-1524863097 {\n  padding-top: 507px;\n}\n#banner-1524863097 .overlay {\n  background-color: rgba(0, 0, 0, 0.558);\n}\n#banner-1524863097 .banner-bg img {\n  object-position: 45% 0%;\n}\n<\/style>\n  <\/div>\n\n\n<div class=\"row\"  id=\"row-123757623\">\n\n\n\t<div id=\"col-1176623059\" class=\"col small-12 large-12\"  >\n\t\t\t\t<div class=\"col-inner\"  >\n\t\t\t\n\t\t\t\n\n<p>En Beauty and Fit U.S., creemos que cada mujer merece sentirse poderosa en su propia piel: segura, hermosa y completamente ella misma.<\/p>\n<p>Nuestra historia comenz\u00f3 en Colombia en 2019, donde naci\u00f3 Beauty and Fit con un prop\u00f3sito claro: empoderar a la mujer a trav\u00e9s de fajas de alta calidad que realcen su belleza natural, resalten sus curvas y las ayuden a sentirse c\u00f3modas y seguras todos los d\u00edas.<\/p>\n<p>Desde entonces, nos hemos convertido en una marca de confianza para miles de mujeres que buscan verse y sentirse de maravilla, sin sacrificar la comodidad ni la autenticidad. Ahora, desde nuestra nueva sede en Estados Unidos, continuamos nuestra misi\u00f3n de ofrecerte fajas modernas y frescas, hechas con amor, prop\u00f3sito y artesan\u00eda colombiana de primera calidad.<\/p>\n<p>No solo nos dedicamos a moldear cuerpos, sino a apoyar tu estilo de vida, tus metas y tu visi\u00f3n \u00fanica de la belleza. Ya sea que est\u00e9s entrenando, visti\u00e9ndote o simplemente luciendo tu yo m\u00e1s fabuloso, nuestras fajas est\u00e1n dise\u00f1adas para moverse contigo, realzar tu silueta y elevar tu esp\u00edritu.<\/p>\n<p>Bienvenido a la nueva era de Beauty and Fit U.S.<\/p>\n<p>Una nueva interpretaci\u00f3n de la ropa moldeadora.<\/p>\n<p>Para tus curvas. Para tu comodidad. Para tu confianza.<\/p>\n<div class=\"text-center\"><div class=\"is-divider divider clearfix\" ><\/div><\/div>\n\n\n\t\t<\/div>\n\t\t\t\t\t<\/div>\n\n\t\n\n<\/div>","protected":false},"excerpt":{"rendered":"","protected":false},"author":1,"featured_media":19,"parent":54,"menu_order":0,"comment_status":"closed","ping_status":"closed","template":"page-transparent-header-light.php","meta":{"_joinchat":[],"footnotes":""},"class_list":["post-93","page","type-page","status-publish","has-post-thumbnail","hentry"],"_links":{"self":[{"href":"https:\/\/beautyandfitus.com\/es\/wp-json\/wp\/v2\/pages\/93","targetHints":{"allow":["GET"]}}],"collection":[{"href":"https:\/\/beautyandfitus.com\/es\/wp-json\/wp\/v2\/pages"}],"about":[{"href":"https:\/\/beautyandfitus.com\/es\/wp-json\/wp\/v2\/types\/page"}],"author":[{"embeddable":true,"href":"https:\/\/beautyandfitus.com\/es\/wp-json\/wp\/v2\/users\/1"}],"replies":[{"embeddable":true,"href":"https:\/\/beautyandfitus.com\/es\/wp-json\/wp\/v2\/comments?post=93"}],"version-history":[{"count":4,"href":"https:\/\/beautyandfitus.com\/es\/wp-json\/wp\/v2\/pages\/93\/revisions"}],"predecessor-version":[{"id":530,"href":"https:\/\/beautyandfitus.com\/es\/wp-json\/wp\/v2\/pages\/93\/revisions\/530"}],"up":[{"embeddable":true,"href":"https:\/\/beautyandfitus.com\/es\/wp-json\/wp\/v2\/pages\/54"}],"wp:featuredmedia":[{"embeddable":true,"href":"https:\/\/beautyandfitus.com\/es\/wp-json\/wp\/v2\/media\/19"}],"wp:attachment":[{"href":"https:\/\/beautyandfitus.com\/es\/wp-json\/wp\/v2\/media?parent=93"}],"curies":[{"name":"wp","href":"https:\/\/api.w.org\/{rel}","templated":true}]}}